{"id":4280,"date":"2022-09-20T12:27:39","date_gmt":"2022-09-20T12:27:39","guid":{"rendered":"https:\/\/www.mtv1861greussen.de\/?page_id=4280"},"modified":"2025-02-17T17:00:12","modified_gmt":"2025-02-17T17:00:12","slug":"mamasport","status":"publish","type":"page","link":"https:\/\/www.mtv1861greussen.de\/?page_id=4280","title":{"rendered":"Breitensport"},"content":{"rendered":"<p style=\"text-align: center;\"><strong>Abteilungsleiter<\/strong><\/p>\r\n<p style=\"text-align: center;\">&nbsp;Carina Rolle<\/p>\r\n<p style=\"text-align: center;\"><strong>Trainingsst\u00e4tte<\/strong><\/p>\r\n<p style=\"text-align: center;\">&nbsp;neue Turnhalle der Greu\u00dfener Gemeinschaftsschule<\/p>\r\n<p style=\"text-align: center;\">99718 Greu\u00dfen<\/p>\r\n<p style=\"text-align: center;\"><strong>Trainingszeiten<\/strong>&nbsp;<\/p>\r\n<p style=\"text-align: center;\">Freitag 17.00 Uhr bis 19.00 Uhr<\/p>\r\n<!-- \/wp:list -->\r\n\r\n<!-- wp:paragraph -->\r\n<h6 style=\"text-align: center;\"><a href=\"https:\/\/www.mtv1861greussen.de\/?p=4087\">News&nbsp;<\/a><\/h6>\r\n<p style=\"text-align: center;\"><a href=\"https:\/\/www.mtv1861greussen.de\/?p=5661\"><strong>Durchf\u00fchrung von Bewegungskursen, die von den Krankenkassen gef\u00f6rdert werden.<\/strong><\/a><\/p>\r\n<p style=\"text-align: center;\"><\/p>","protected":false},"excerpt":{"rendered":"<p>Abteilungsleiter &nbsp;Carina Rolle Trainingsst\u00e4tte &nbsp;neue Turnhalle der Greu\u00dfener Gemeinschaftsschule 99718 Greu\u00dfen Trainingszeiten&nbsp; Freitag 17.00 Uhr bis 19.00 Uhr News&nbsp; Durchf\u00fchrung von Bewegungskursen, die von den Krankenkassen gef\u00f6rdert werden.<\/p>\n","protected":false},"author":1,"featured_media":0,"parent":0,"menu_order":0,"comment_status":"closed","ping_status":"closed","template":"","meta":{"ngg_post_thumbnail":0,"footnotes":""},"class_list":["post-4280","page","type-page","status-publish","hentry"],"_links":{"self":[{"href":"https:\/\/www.mtv1861greussen.de\/index.php?rest_route=\/wp\/v2\/pages\/4280","targetHints":{"allow":["GET"]}}],"collection":[{"href":"https:\/\/www.mtv1861greussen.de\/index.php?rest_route=\/wp\/v2\/pages"}],"about":[{"href":"https:\/\/www.mtv1861greussen.de\/index.php?rest_route=\/wp\/v2\/types\/page"}],"author":[{"embeddable":true,"href":"https:\/\/www.mtv1861greussen.de\/index.php?rest_route=\/wp\/v2\/users\/1"}],"replies":[{"embeddable":true,"href":"https:\/\/www.mtv1861greussen.de\/index.php?rest_route=%2Fwp%2Fv2%2Fcomments&post=4280"}],"version-history":[{"count":10,"href":"https:\/\/www.mtv1861greussen.de\/index.php?rest_route=\/wp\/v2\/pages\/4280\/revisions"}],"predecessor-version":[{"id":5666,"href":"https:\/\/www.mtv1861greussen.de\/index.php?rest_route=\/wp\/v2\/pages\/4280\/revisions\/5666"}],"wp:attachment":[{"href":"https:\/\/www.mtv1861greussen.de\/index.php?rest_route=%2Fwp%2Fv2%2Fmedia&parent=4280"}],"curies":[{"name":"wp","href":"https:\/\/api.w.org\/{rel}","templated":true}]}}